{"id":833,"date":"2015-05-20T16:33:22","date_gmt":"2015-05-20T14:33:22","guid":{"rendered":"https:\/\/www.gsmacties.nl\/info\/?page_id=833"},"modified":"2015-11-30T17:25:50","modified_gmt":"2015-11-30T16:25:50","slug":"wat-is-dual-sim","status":"publish","type":"page","link":"https:\/\/www.gsmacties.nl\/info\/wat-is-dual-sim\/","title":{"rendered":"Wat is Dual SIM?"},"content":{"rendered":"<p><img decoding=\"async\" class=\"aligncenter size-full wp-image-835\" src=\"https:\/\/www.gsmacties.nl\/info\/media\/Dual-SIM.jpg\" alt=\"Dual-SIM\" width=\"100%\" srcset=\"https:\/\/www.gsmacties.nl\/info\/media\/Dual-SIM.jpg 560w, https:\/\/www.gsmacties.nl\/info\/media\/Dual-SIM-300x129.jpg 300w\" sizes=\"(max-width: 560px) 100vw, 560px\" \/>Als een telefoon beschikt over <strong>Dual SIM<\/strong>, dan houdt dit in dat je twee simkaarten in deze telefoon kunt plaatsen. Dit is met name populair onder zakelijke gebruikers, want het grote voordeel is dat je maar \u00e9\u00e9n telefoon nodig hebt voor zowel priv\u00e9 als zakelijk gebruik. Normaal gesproken kun je de tweede simkaart naast de andere simkaart plaatsen aan de achterkant van het toestel (zie afbeelding). Wil je een <u><a href=\"https:\/\/www.gsmacties.nl\/mobiele-telefoons\/?dualsim=1\">Dual SIM telefoon<\/a><\/u> kopen, houdt er dan wel rekening mee dat er twee types Dual SIM zijn: Active en Standby.<strong><br \/>\n<\/strong><\/p>\n<h2>Dual SIM Active<\/h2>\n<p>Als een telefoon beschikt over de Dual SIM \u2018active\u2019 versie, dan kunnen beide simkaarten tegelijk actief zijn. Je kunt dus bellen met twee simkaarten tegelijkertijd: ben je aan het bellen met simkaart 1, dan kun je gewoon gebeld worden op simkaart 2. Je kunt je eerste gesprek in de wacht zetten en het tweede gesprek aannemen. Hetzelfde geldt voor mobiel internet: je kunt internetten met de ene SIM terwijl je bereikbaar blijft met de andere. Dit is een groot voordeel ten opzichte van Dual SIM Standby.<\/p>\n<h2>Dual SIM Standby<\/h2>\n<p>Wanneer een telefoon beschikt over de Dual SIM \u2018standby\u2019 versie, dan kun je maar \u00e9\u00e9n simkaart tegelijk gebruiken. Bel je met de ene simkaart, dan ben je op de andere simkaart niet bereikbaar. Hetzelfde geldt voor mobiel internetten: ben je bijvoorbeeld muziek aan het streamen via mobiel internet, dan is de andere simkaart niet bereikbaar. Dual SIM Active is dus een stuk handiger in gebruik dan\u00a0de\u00a0Standby versie.<\/p>\n<h2>Dual SIM telefoon kopen?<\/h2>\n<p>Wil je een Dual SIM telefoon kopen, maar weet je nog niet welke? Vergelijk dan de specificaties en prijzen van <u><a href=\"https:\/\/www.gsmacties.nl\/mobiele-telefoons\/?dualsim=1\">alle Dual SIM telefoons<\/a><\/u> hier op GSMacties.nl.<\/p>\n","protected":false},"excerpt":{"rendered":"<p>Als een telefoon beschikt over Dual SIM, dan houdt dit in dat je twee simkaarten in deze telefoon kunt plaatsen. Dit is met name populair onder zakelijke gebruikers, want het grote voordeel is dat je maar \u00e9\u00e9n telefoon nodig hebt &hellip; <a href=\"https:\/\/www.gsmacties.nl\/info\/wat-is-dual-sim\/\"><span class=\"meta-nav\">Lees verder<\/span><\/a><\/p>\n","protected":false},"author":3,"featured_media":0,"parent":0,"menu_order":0,"comment_status":"closed","ping_status":"open","template":"","meta":{"footnotes":""},"class_list":["post-833","page","type-page","status-publish","hentry"],"yoast_head":"<!-- This site is optimized with the Yoast SEO plugin v27.6 - https:\/\/yoast.com\/product\/yoast-seo-wordpress\/ -->\n<title>Wat is Dual SIM? | GSMacties.nl<\/title>\n<meta name=\"description\" content=\"In een Dual SIM telefoon kun je 2 simkaarten plaatsen. Handig! Let wel op het verschil tussen Dual SIM Active en Standby. Welke Dual SIM telefoons zijn er?\" \/>\n<meta name=\"robots\" content=\"index, follow, max-snippet:-1, max-image-preview:large, max-video-preview:-1\" \/>\n<link rel=\"canonical\" href=\"https:\/\/www.gsmacties.nl\/info\/wat-is-dual-sim\/\" \/>\n<meta name=\"twitter:label1\" content=\"Geschatte leestijd\" \/>\n\t<meta name=\"twitter:data1\" content=\"1 minuut\" \/>\n<script type=\"application\/ld+json\" class=\"yoast-schema-graph\">{\"@context\":\"https:\\\/\\\/schema.org\",\"@graph\":[{\"@type\":\"WebPage\",\"@id\":\"https:\\\/\\\/www.gsmacties.nl\\\/info\\\/wat-is-dual-sim\\\/\",\"url\":\"https:\\\/\\\/www.gsmacties.nl\\\/info\\\/wat-is-dual-sim\\\/\",\"name\":\"Wat is Dual SIM? | GSMacties.nl\",\"isPartOf\":{\"@id\":\"https:\\\/\\\/www.gsmacties.nl\\\/info\\\/#website\"},\"primaryImageOfPage\":{\"@id\":\"https:\\\/\\\/www.gsmacties.nl\\\/info\\\/wat-is-dual-sim\\\/#primaryimage\"},\"image\":{\"@id\":\"https:\\\/\\\/www.gsmacties.nl\\\/info\\\/wat-is-dual-sim\\\/#primaryimage\"},\"thumbnailUrl\":\"https:\\\/\\\/www.gsmacties.nl\\\/info\\\/media\\\/Dual-SIM.jpg\",\"datePublished\":\"2015-05-20T14:33:22+00:00\",\"dateModified\":\"2015-11-30T16:25:50+00:00\",\"description\":\"In een Dual SIM telefoon kun je 2 simkaarten plaatsen. Handig! Let wel op het verschil tussen Dual SIM Active en Standby. Welke Dual SIM telefoons zijn er?\",\"breadcrumb\":{\"@id\":\"https:\\\/\\\/www.gsmacties.nl\\\/info\\\/wat-is-dual-sim\\\/#breadcrumb\"},\"inLanguage\":\"nl-NL\",\"potentialAction\":[{\"@type\":\"ReadAction\",\"target\":[\"https:\\\/\\\/www.gsmacties.nl\\\/info\\\/wat-is-dual-sim\\\/\"]}]},{\"@type\":\"ImageObject\",\"inLanguage\":\"nl-NL\",\"@id\":\"https:\\\/\\\/www.gsmacties.nl\\\/info\\\/wat-is-dual-sim\\\/#primaryimage\",\"url\":\"https:\\\/\\\/www.gsmacties.nl\\\/info\\\/media\\\/Dual-SIM.jpg\",\"contentUrl\":\"https:\\\/\\\/www.gsmacties.nl\\\/info\\\/media\\\/Dual-SIM.jpg\",\"width\":560,\"height\":240},{\"@type\":\"BreadcrumbList\",\"@id\":\"https:\\\/\\\/www.gsmacties.nl\\\/info\\\/wat-is-dual-sim\\\/#breadcrumb\",\"itemListElement\":[{\"@type\":\"ListItem\",\"position\":1,\"name\":\"Overzicht\",\"item\":\"https:\\\/\\\/www.gsmacties.nl\\\/info\\\/\"},{\"@type\":\"ListItem\",\"position\":2,\"name\":\"Wat is Dual SIM?\"}]},{\"@type\":\"WebSite\",\"@id\":\"https:\\\/\\\/www.gsmacties.nl\\\/info\\\/#website\",\"url\":\"https:\\\/\\\/www.gsmacties.nl\\\/info\\\/\",\"name\":\"GSMacties.nl info\",\"description\":\"Informatie over allerlei telecom onderwerpen!\",\"potentialAction\":[{\"@type\":\"SearchAction\",\"target\":{\"@type\":\"EntryPoint\",\"urlTemplate\":\"https:\\\/\\\/www.gsmacties.nl\\\/info\\\/?s={search_term_string}\"},\"query-input\":{\"@type\":\"PropertyValueSpecification\",\"valueRequired\":true,\"valueName\":\"search_term_string\"}}],\"inLanguage\":\"nl-NL\"}]}<\/script>\n<!-- \/ Yoast SEO plugin. -->","yoast_head_json":{"title":"Wat is Dual SIM? | GSMacties.nl","description":"In een Dual SIM telefoon kun je 2 simkaarten plaatsen. Handig! Let wel op het verschil tussen Dual SIM Active en Standby. Welke Dual SIM telefoons zijn er?","robots":{"index":"index","follow":"follow","max-snippet":"max-snippet:-1","max-image-preview":"max-image-preview:large","max-video-preview":"max-video-preview:-1"},"canonical":"https:\/\/www.gsmacties.nl\/info\/wat-is-dual-sim\/","twitter_misc":{"Geschatte leestijd":"1 minuut"},"schema":{"@context":"https:\/\/schema.org","@graph":[{"@type":"WebPage","@id":"https:\/\/www.gsmacties.nl\/info\/wat-is-dual-sim\/","url":"https:\/\/www.gsmacties.nl\/info\/wat-is-dual-sim\/","name":"Wat is Dual SIM? | GSMacties.nl","isPartOf":{"@id":"https:\/\/www.gsmacties.nl\/info\/#website"},"primaryImageOfPage":{"@id":"https:\/\/www.gsmacties.nl\/info\/wat-is-dual-sim\/#primaryimage"},"image":{"@id":"https:\/\/www.gsmacties.nl\/info\/wat-is-dual-sim\/#primaryimage"},"thumbnailUrl":"https:\/\/www.gsmacties.nl\/info\/media\/Dual-SIM.jpg","datePublished":"2015-05-20T14:33:22+00:00","dateModified":"2015-11-30T16:25:50+00:00","description":"In een Dual SIM telefoon kun je 2 simkaarten plaatsen. Handig! Let wel op het verschil tussen Dual SIM Active en Standby. Welke Dual SIM telefoons zijn er?","breadcrumb":{"@id":"https:\/\/www.gsmacties.nl\/info\/wat-is-dual-sim\/#breadcrumb"},"inLanguage":"nl-NL","potentialAction":[{"@type":"ReadAction","target":["https:\/\/www.gsmacties.nl\/info\/wat-is-dual-sim\/"]}]},{"@type":"ImageObject","inLanguage":"nl-NL","@id":"https:\/\/www.gsmacties.nl\/info\/wat-is-dual-sim\/#primaryimage","url":"https:\/\/www.gsmacties.nl\/info\/media\/Dual-SIM.jpg","contentUrl":"https:\/\/www.gsmacties.nl\/info\/media\/Dual-SIM.jpg","width":560,"height":240},{"@type":"BreadcrumbList","@id":"https:\/\/www.gsmacties.nl\/info\/wat-is-dual-sim\/#breadcrumb","itemListElement":[{"@type":"ListItem","position":1,"name":"Overzicht","item":"https:\/\/www.gsmacties.nl\/info\/"},{"@type":"ListItem","position":2,"name":"Wat is Dual SIM?"}]},{"@type":"WebSite","@id":"https:\/\/www.gsmacties.nl\/info\/#website","url":"https:\/\/www.gsmacties.nl\/info\/","name":"GSMacties.nl info","description":"Informatie over allerlei telecom onderwerpen!","potentialAction":[{"@type":"SearchAction","target":{"@type":"EntryPoint","urlTemplate":"https:\/\/www.gsmacties.nl\/info\/?s={search_term_string}"},"query-input":{"@type":"PropertyValueSpecification","valueRequired":true,"valueName":"search_term_string"}}],"inLanguage":"nl-NL"}]}},"_links":{"self":[{"href":"https:\/\/www.gsmacties.nl\/info\/wp-json\/wp\/v2\/pages\/833","targetHints":{"allow":["GET"]}}],"collection":[{"href":"https:\/\/www.gsmacties.nl\/info\/wp-json\/wp\/v2\/pages"}],"about":[{"href":"https:\/\/www.gsmacties.nl\/info\/wp-json\/wp\/v2\/types\/page"}],"author":[{"embeddable":true,"href":"https:\/\/www.gsmacties.nl\/info\/wp-json\/wp\/v2\/users\/3"}],"replies":[{"embeddable":true,"href":"https:\/\/www.gsmacties.nl\/info\/wp-json\/wp\/v2\/comments?post=833"}],"version-history":[{"count":7,"href":"https:\/\/www.gsmacties.nl\/info\/wp-json\/wp\/v2\/pages\/833\/revisions"}],"predecessor-version":[{"id":1055,"href":"https:\/\/www.gsmacties.nl\/info\/wp-json\/wp\/v2\/pages\/833\/revisions\/1055"}],"wp:attachment":[{"href":"https:\/\/www.gsmacties.nl\/info\/wp-json\/wp\/v2\/media?parent=833"}],"curies":[{"name":"wp","href":"https:\/\/api.w.org\/{rel}","templated":true}]}}